{"id":25348,"date":"2026-02-11T04:32:15","date_gmt":"2026-02-11T03:32:15","guid":{"rendered":"https:\/\/jokkoshop.com\/?post_type=product&#038;p=25348"},"modified":"2026-02-11T04:32:15","modified_gmt":"2026-02-11T03:32:15","slug":"hijab-khimar","status":"publish","type":"product","link":"https:\/\/jokkoshop.com\/index.php\/product\/hijab-khimar\/","title":{"rendered":"HIJAB (KHIMAR)"},"content":{"rendered":"<p style=\"text-align: center\"><span class=\"T286Pc\" data-sfc-cp=\"\" data-complete=\"true\">Ce mod\u00e8le sp\u00e9cifique est un khimar &#8220;3 voiles&#8221; en mousseline, caract\u00e9ris\u00e9 par ses couches superpos\u00e9es \u00e0 l&#8217;arri\u00e8re qui cr\u00e9ent un effet de cascade \u00e9l\u00e9gant.<\/span><span class=\"uJ19be notranslate\" data-wiz-uids=\"DnVwzc_11,DnVwzc_12\" data-complete=\"true\"><span class=\"vKEkVd\" data-animation-atomic=\"\" data-wiz-attrbind=\"class=DnVwzc_10\/TKHnVd\" data-sae=\"\"><span aria-hidden=\"true\">\u00a0<\/span><\/span><\/span><\/p>\n","protected":false},"excerpt":{"rendered":"<p>Ce mod\u00e8le sp\u00e9cifique est un khimar &#8220;3 voiles&#8221; en mousseline, caract\u00e9ris\u00e9 par ses couches superpos\u00e9es \u00e0 l&#8217;arri\u00e8re qui cr\u00e9ent un effet de cascade \u00e9l\u00e9gant.\u00a0<\/p>\n","protected":false},"featured_media":25225,"comment_status":"open","ping_status":"closed","template":"","meta":{"_monsterinsights_skip_tracking":false,"_monsterinsights_sitenote_active":false,"_monsterinsights_sitenote_note":"","_monsterinsights_sitenote_category":0},"product_cat":[15,137],"product_tag":[],"class_list":["post-25348","product","type-product","status-publish","has-post-thumbnail","hentry","product_cat-uncategorized","product_cat-femme","add-to-wishlist-after_add_to_cart"],"aioseo_notices":[],"_links":{"self":[{"href":"https:\/\/jokkoshop.com\/index.php\/wp-json\/wp\/v2\/product\/25348","targetHints":{"allow":["GET"]}}],"collection":[{"href":"https:\/\/jokkoshop.com\/index.php\/wp-json\/wp\/v2\/product"}],"about":[{"href":"https:\/\/jokkoshop.com\/index.php\/wp-json\/wp\/v2\/types\/product"}],"replies":[{"embeddable":true,"href":"https:\/\/jokkoshop.com\/index.php\/wp-json\/wp\/v2\/comments?post=25348"}],"wp:featuredmedia":[{"embeddable":true,"href":"https:\/\/jokkoshop.com\/index.php\/wp-json\/wp\/v2\/media\/25225"}],"wp:attachment":[{"href":"https:\/\/jokkoshop.com\/index.php\/wp-json\/wp\/v2\/media?parent=25348"}],"wp:term":[{"taxonomy":"product_cat","embeddable":true,"href":"https:\/\/jokkoshop.com\/index.php\/wp-json\/wp\/v2\/product_cat?post=25348"},{"taxonomy":"product_tag","embeddable":true,"href":"https:\/\/jokkoshop.com\/index.php\/wp-json\/wp\/v2\/product_tag?post=25348"}],"curies":[{"name":"wp","href":"https:\/\/api.w.org\/{rel}","templated":true}]}}