{"id":25346,"date":"2026-02-11T04:01:28","date_gmt":"2026-02-11T03:01:28","guid":{"rendered":"https:\/\/jokkoshop.com\/?post_type=product&#038;p=25346"},"modified":"2026-02-11T04:01:28","modified_gmt":"2026-02-11T03:01:28","slug":"ensemble-pantalon-large-pour-femme","status":"publish","type":"product","link":"https:\/\/jokkoshop.com\/index.php\/product\/ensemble-pantalon-large-pour-femme\/","title":{"rendered":"ENSEMBLE PANTALON LARGE POUR FEMME"},"content":{"rendered":"<blockquote>\n<div data-subtree=\"aimfl\" data-complete=\"true\" data-processed=\"true\">Cet ensemble deux-pi\u00e8ces pour femme, compos\u00e9 d&#8217;un <strong class=\"Yjhzub\" data-complete=\"true\" data-processed=\"true\">gilet long (cardigan)<\/strong> et d&#8217;un <strong class=\"Yjhzub\" data-complete=\"true\" data-processed=\"true\">pantalon large <\/strong>assorti.<\/div>\n<\/blockquote>\n<div data-subtree=\"aimfl\" data-complete=\"true\" data-processed=\"true\"><\/div>\n<div data-subtree=\"aimfl\" data-complete=\"true\" data-processed=\"true\">\n<ul class=\"KsbFXc U6u95\" data-complete=\"true\" data-processed=\"true\">\n<li data-hveid=\"CAQQAA\" data-complete=\"true\" data-sae=\"\"><span class=\"T286Pc\" data-sfc-cp=\"\" data-complete=\"true\">L&#8217;ensemble comprend g\u00e9n\u00e9ralement un cardigan ouvert \u00e0 manches trois-quarts et un pantalon \u00e0 jambes larges avec une taille \u00e9lastique ajustable par cordon.<\/span><span class=\"T286Pc\" data-sfc-cp=\"\" data-complete=\"true\"> En plus du bleu pr\u00e9sent\u00e9, il existe d&#8217;autres couleurs diff\u00e9rentes\u00a0<\/span><\/li>\n<li data-hveid=\"CAQQAg\" data-complete=\"true\" data-sae=\"\"><span class=\"T286Pc\" data-sfc-cp=\"\" data-complete=\"true\">Ce type de tenue est souvent d\u00e9crit comme un ensemble d\u00e9contract\u00e9, polyvalent pour le quotidien ou parfois comme v\u00eatement d&#8217;int\u00e9rieur \u00e9l\u00e9gant.<\/span><span class=\"uJ19be notranslate\" data-wiz-uids=\"l5cFmd_14,l5cFmd_15\" data-complete=\"true\"><span class=\"vKEkVd\" data-animation-atomic=\"\" data-wiz-attrbind=\"class=l5cFmd_13\/TKHnVd\" data-sae=\"\"><span aria-hidden=\"true\">\u00a0<\/span><\/span><\/span><\/li>\n<\/ul>\n<\/div>\n","protected":false},"excerpt":{"rendered":"<p>Cet ensemble deux-pi\u00e8ces pour femme, compos\u00e9 d&#8217;un gilet long (cardigan) et d&#8217;un pantalon large assorti. L&#8217;ensemble comprend g\u00e9n\u00e9ralement un cardigan ouvert \u00e0 manches trois-quarts et un pantalon \u00e0 jambes larges avec une taille \u00e9lastique ajustable par cordon. En plus du bleu pr\u00e9sent\u00e9, il existe d&#8217;autres couleurs diff\u00e9rentes\u00a0 Ce type de tenue est souvent d\u00e9crit comme [&hellip;]<\/p>\n","protected":false},"featured_media":25261,"comment_status":"open","ping_status":"closed","template":"","meta":{"_monsterinsights_skip_tracking":false,"_monsterinsights_sitenote_active":false,"_monsterinsights_sitenote_note":"","_monsterinsights_sitenote_category":0},"product_cat":[15,137],"product_tag":[],"class_list":["post-25346","product","type-product","status-publish","has-post-thumbnail","hentry","product_cat-uncategorized","product_cat-femme","add-to-wishlist-after_add_to_cart"],"aioseo_notices":[],"_links":{"self":[{"href":"https:\/\/jokkoshop.com\/index.php\/wp-json\/wp\/v2\/product\/25346","targetHints":{"allow":["GET"]}}],"collection":[{"href":"https:\/\/jokkoshop.com\/index.php\/wp-json\/wp\/v2\/product"}],"about":[{"href":"https:\/\/jokkoshop.com\/index.php\/wp-json\/wp\/v2\/types\/product"}],"replies":[{"embeddable":true,"href":"https:\/\/jokkoshop.com\/index.php\/wp-json\/wp\/v2\/comments?post=25346"}],"wp:featuredmedia":[{"embeddable":true,"href":"https:\/\/jokkoshop.com\/index.php\/wp-json\/wp\/v2\/media\/25261"}],"wp:attachment":[{"href":"https:\/\/jokkoshop.com\/index.php\/wp-json\/wp\/v2\/media?parent=25346"}],"wp:term":[{"taxonomy":"product_cat","embeddable":true,"href":"https:\/\/jokkoshop.com\/index.php\/wp-json\/wp\/v2\/product_cat?post=25346"},{"taxonomy":"product_tag","embeddable":true,"href":"https:\/\/jokkoshop.com\/index.php\/wp-json\/wp\/v2\/product_tag?post=25346"}],"curies":[{"name":"wp","href":"https:\/\/api.w.org\/{rel}","templated":true}]}}