{"id":25345,"date":"2026-02-11T03:53:19","date_gmt":"2026-02-11T02:53:19","guid":{"rendered":"https:\/\/jokkoshop.com\/?post_type=product&#038;p=25345"},"modified":"2026-02-11T03:53:19","modified_gmt":"2026-02-11T02:53:19","slug":"ensemble-de-sport-de-survetement-2-pcs-femme","status":"publish","type":"product","link":"https:\/\/jokkoshop.com\/index.php\/product\/ensemble-de-sport-de-survetement-2-pcs-femme\/","title":{"rendered":"ENSEMBLE DE SPORT DE SURV\u00caTEMENT 2 pcs FEMME"},"content":{"rendered":"<div class=\"Y3BBE\" data-sfc-cp=\"\" data-hveid=\"CAIQAA\" data-complete=\"true\" data-processed=\"true\">\n<div data-subtree=\"aimfl\" data-complete=\"true\" data-processed=\"true\">C\u2019est un ensemble compos\u00e9 de 3 pi\u00e8ces:un sweat-shirt court (crop top) \u00e0 manches longues, parfois avec une capuche, et un legging assorti \u00e0 taille<\/div>\n<\/div>\n<ul class=\"KsbFXc U6u95\" data-complete=\"true\" data-processed=\"true\">\n<li data-hveid=\"CAQQAQ\" data-complete=\"true\" data-sae=\"\"><span class=\"T286Pc\" data-sfc-cp=\"\" data-complete=\"true\">\u00a0Ces tenues sont souvent fabriqu\u00e9es \u00e0 partir de m\u00e9langes de coton et de polyester, offrant des propri\u00e9t\u00e9s de douceur et d&#8217;\u00e9vacuation de l&#8217;humidit\u00e9 pour le sport.<\/span><\/li>\n<li data-hveid=\"CAQQAg\" data-complete=\"true\" data-sae=\"\"><span class=\"T286Pc\" data-sfc-cp=\"\" data-complete=\"true\">\u00a0Con\u00e7u pour un look \u00e0 la fois sportif et chic, id\u00e9al pour le fitness, le yoga ou une tenue d\u00e9contract\u00e9e au quotidien.<\/span><span class=\"uJ19be notranslate\" data-wiz-uids=\"IDt5td_16,IDt5td_17\" data-complete=\"true\"><span class=\"vKEkVd\" data-animation-atomic=\"\" data-wiz-attrbind=\"class=IDt5td_15\/TKHnVd\" data-sae=\"\"><span aria-hidden=\"true\">\u00a0<\/span><button class=\"rBl3me\" data-amic=\"true\" data-icl-uuid=\"6406a72b-4b06-4276-a4c8-e5ea95944107\" aria-label=\"Afficher les liens associ\u00e9s\" data-wiz-attrbind=\"disabled=IDt5td_15\/C5gNJc;aria-label=IDt5td_15\/bOjMyf;class=IDt5td_15\/UpSNec\" data-ved=\"2ahUKEwjZ_bDytNCSAxVMTqQEHRG3C1gQye0OegQIBBAD\"><\/button><\/span><\/span><\/li>\n<\/ul>\n<div class=\"Fsg96\" data-sfc-cp=\"\" data-complete=\"true\" data-processed=\"true\"><\/div>\n","protected":false},"excerpt":{"rendered":"<p>C\u2019est un ensemble compos\u00e9 de 3 pi\u00e8ces:un sweat-shirt court (crop top) \u00e0 manches longues, parfois avec une capuche, et un legging assorti \u00e0 taille \u00a0Ces tenues sont souvent fabriqu\u00e9es \u00e0 partir de m\u00e9langes de coton et de polyester, offrant des propri\u00e9t\u00e9s de douceur et d&#8217;\u00e9vacuation de l&#8217;humidit\u00e9 pour le sport. \u00a0Con\u00e7u pour un look \u00e0 [&hellip;]<\/p>\n","protected":false},"featured_media":25238,"comment_status":"open","ping_status":"closed","template":"","meta":{"_monsterinsights_skip_tracking":false,"_monsterinsights_sitenote_active":false,"_monsterinsights_sitenote_note":"","_monsterinsights_sitenote_category":0},"product_cat":[15,137],"product_tag":[],"class_list":["post-25345","product","type-product","status-publish","has-post-thumbnail","hentry","product_cat-uncategorized","product_cat-femme","add-to-wishlist-after_add_to_cart"],"aioseo_notices":[],"_links":{"self":[{"href":"https:\/\/jokkoshop.com\/index.php\/wp-json\/wp\/v2\/product\/25345","targetHints":{"allow":["GET"]}}],"collection":[{"href":"https:\/\/jokkoshop.com\/index.php\/wp-json\/wp\/v2\/product"}],"about":[{"href":"https:\/\/jokkoshop.com\/index.php\/wp-json\/wp\/v2\/types\/product"}],"replies":[{"embeddable":true,"href":"https:\/\/jokkoshop.com\/index.php\/wp-json\/wp\/v2\/comments?post=25345"}],"wp:featuredmedia":[{"embeddable":true,"href":"https:\/\/jokkoshop.com\/index.php\/wp-json\/wp\/v2\/media\/25238"}],"wp:attachment":[{"href":"https:\/\/jokkoshop.com\/index.php\/wp-json\/wp\/v2\/media?parent=25345"}],"wp:term":[{"taxonomy":"product_cat","embeddable":true,"href":"https:\/\/jokkoshop.com\/index.php\/wp-json\/wp\/v2\/product_cat?post=25345"},{"taxonomy":"product_tag","embeddable":true,"href":"https:\/\/jokkoshop.com\/index.php\/wp-json\/wp\/v2\/product_tag?post=25345"}],"curies":[{"name":"wp","href":"https:\/\/api.w.org\/{rel}","templated":true}]}}