{"id":25343,"date":"2026-02-11T03:22:58","date_gmt":"2026-02-11T02:22:58","guid":{"rendered":"https:\/\/jokkoshop.com\/?post_type=product&#038;p=25343"},"modified":"2026-02-11T03:22:58","modified_gmt":"2026-02-11T02:22:58","slug":"ensemble-decontracte-pour-femme","status":"publish","type":"product","link":"https:\/\/jokkoshop.com\/index.php\/product\/ensemble-decontracte-pour-femme\/","title":{"rendered":"ENSEMBLE D\u00c9CONTRACT\u00c9 POUR FEMME"},"content":{"rendered":"<p>Cet ensemble deux-pi\u00e8ces est compos\u00e9 d&#8217;une chemise boutonn\u00e9e \u00e0 manches cloche et d&#8217;un pantalon large assorti.<\/p>\n<ul class=\"KsbFXc U6u95\" data-complete=\"true\" data-processed=\"true\">\n<li data-hveid=\"CAcQAQ\" data-complete=\"true\" data-sae=\"\"><span class=\"T286Pc\" data-sfc-cp=\"\" data-complete=\"true\">Chemise avec col, boutons sur le devant, manches \u00e9vas\u00e9es (manches cloche) et ceinture assortie \u00e0 la taille.<\/span><\/li>\n<li data-hveid=\"CAcQAg\" data-complete=\"true\" data-sae=\"\"><span class=\"T286Pc\" data-sfc-cp=\"\" data-complete=\"true\">\u00a0Pantalon large \u00e0 coupe fluide<\/span><\/li>\n<\/ul>\n","protected":false},"excerpt":{"rendered":"<p>Cet ensemble deux-pi\u00e8ces est compos\u00e9 d&#8217;une chemise boutonn\u00e9e \u00e0 manches cloche et d&#8217;un pantalon large assorti. Chemise avec col, boutons sur le devant, manches \u00e9vas\u00e9es (manches cloche) et ceinture assortie \u00e0 la taille. \u00a0Pantalon large \u00e0 coupe fluide<\/p>\n","protected":false},"featured_media":25254,"comment_status":"open","ping_status":"closed","template":"","meta":{"_monsterinsights_skip_tracking":false,"_monsterinsights_sitenote_active":false,"_monsterinsights_sitenote_note":"","_monsterinsights_sitenote_category":0},"product_cat":[15,137],"product_tag":[],"class_list":["post-25343","product","type-product","status-publish","has-post-thumbnail","hentry","product_cat-uncategorized","product_cat-femme","add-to-wishlist-after_add_to_cart"],"aioseo_notices":[],"_links":{"self":[{"href":"https:\/\/jokkoshop.com\/index.php\/wp-json\/wp\/v2\/product\/25343","targetHints":{"allow":["GET"]}}],"collection":[{"href":"https:\/\/jokkoshop.com\/index.php\/wp-json\/wp\/v2\/product"}],"about":[{"href":"https:\/\/jokkoshop.com\/index.php\/wp-json\/wp\/v2\/types\/product"}],"replies":[{"embeddable":true,"href":"https:\/\/jokkoshop.com\/index.php\/wp-json\/wp\/v2\/comments?post=25343"}],"wp:featuredmedia":[{"embeddable":true,"href":"https:\/\/jokkoshop.com\/index.php\/wp-json\/wp\/v2\/media\/25254"}],"wp:attachment":[{"href":"https:\/\/jokkoshop.com\/index.php\/wp-json\/wp\/v2\/media?parent=25343"}],"wp:term":[{"taxonomy":"product_cat","embeddable":true,"href":"https:\/\/jokkoshop.com\/index.php\/wp-json\/wp\/v2\/product_cat?post=25343"},{"taxonomy":"product_tag","embeddable":true,"href":"https:\/\/jokkoshop.com\/index.php\/wp-json\/wp\/v2\/product_tag?post=25343"}],"curies":[{"name":"wp","href":"https:\/\/api.w.org\/{rel}","templated":true}]}}