{"id":25337,"date":"2026-02-11T02:42:03","date_gmt":"2026-02-11T01:42:03","guid":{"rendered":"https:\/\/jokkoshop.com\/?post_type=product&#038;p=25337"},"modified":"2026-02-11T02:45:50","modified_gmt":"2026-02-11T01:45:50","slug":"ensemble-jupe-evasee-pour-femmes","status":"publish","type":"product","link":"https:\/\/jokkoshop.com\/index.php\/product\/ensemble-jupe-evasee-pour-femmes\/","title":{"rendered":"ENSEMBLE JUPE \u00c9VAS\u00c9E POUR FEMMES"},"content":{"rendered":"<div data-subtree=\"aimfl\" data-complete=\"true\" data-processed=\"true\">Cette tenue se compose d&#8217;un chemisier blanc \u00e0 manches bouffantes et d&#8217;une jupe midi \u00e9vas\u00e9e bordeaux. Elle est propos\u00e9e par <strong class=\"Yjhzub\" data-complete=\"true\" data-processed=\"true\">Jokko Shop<\/strong><\/div>\n<div data-subtree=\"aimfl\" data-complete=\"true\" data-processed=\"true\">\n<div data-subtree=\"aimfl\" data-complete=\"true\" data-processed=\"true\">\n<ul class=\"KsbFXc U6u95\" data-complete=\"true\" data-processed=\"true\">\n<li data-hveid=\"CAQQAA\" data-complete=\"true\" data-sae=\"\"><span class=\"T286Pc\" data-sfc-cp=\"\" data-complete=\"true\">Un chemisier blanc cintr\u00e9 avec un col pointu et des manches longues bouffantes resserr\u00e9es aux poign\u00e9es\u00a0<\/span><\/li>\n<li data-hveid=\"CAQQAQ\" data-complete=\"true\" data-sae=\"\"><span class=\"T286Pc\" data-sfc-cp=\"\" data-complete=\"true\">Une jupe midi de multiple couleur \u00e0 taille haute \u00e9lastique. Elle pr\u00e9sente une coupe \u00e9vas\u00e9e en &#8220;A&#8221; avec un tomb\u00e9 fluide.<\/span>&nbsp;<\/li>\n<li data-hveid=\"CAcQAA\" data-complete=\"true\" data-sae=\"\"><span class=\"T286Pc\" data-sfc-cp=\"\" data-complete=\"true\">Jokko Shop.<\/span><\/li>\n<li data-hveid=\"CAcQAQ\" data-complete=\"true\" data-sae=\"\"><span class=\"T286Pc\" data-sfc-cp=\"\" data-complete=\"true\"><strong class=\"Yjhzub\" data-complete=\"true\">Contact :<\/strong> <strong class=\"Yjhzub\" data-complete=\"true\">779900303<\/strong><\/span><\/li>\n<\/ul>\n<\/div>\n<\/div>\n","protected":false},"excerpt":{"rendered":"<p>Cette tenue se compose d&#8217;un chemisier blanc \u00e0 manches bouffantes et d&#8217;une jupe midi \u00e9vas\u00e9e bordeaux. Elle est propos\u00e9e par Jokko Shop Un chemisier blanc cintr\u00e9 avec un col pointu et des manches longues bouffantes resserr\u00e9es aux poign\u00e9es\u00a0 Une jupe midi de multiple couleur \u00e0 taille haute \u00e9lastique. Elle pr\u00e9sente une coupe \u00e9vas\u00e9e en &#8220;A&#8221; [&hellip;]<\/p>\n","protected":false},"featured_media":25265,"comment_status":"open","ping_status":"closed","template":"","meta":{"_monsterinsights_skip_tracking":false,"_monsterinsights_sitenote_active":false,"_monsterinsights_sitenote_note":"","_monsterinsights_sitenote_category":0},"product_cat":[15,137],"product_tag":[],"class_list":["post-25337","product","type-product","status-publish","has-post-thumbnail","hentry","product_cat-uncategorized","product_cat-femme","add-to-wishlist-after_add_to_cart"],"aioseo_notices":[],"_links":{"self":[{"href":"https:\/\/jokkoshop.com\/index.php\/wp-json\/wp\/v2\/product\/25337","targetHints":{"allow":["GET"]}}],"collection":[{"href":"https:\/\/jokkoshop.com\/index.php\/wp-json\/wp\/v2\/product"}],"about":[{"href":"https:\/\/jokkoshop.com\/index.php\/wp-json\/wp\/v2\/types\/product"}],"replies":[{"embeddable":true,"href":"https:\/\/jokkoshop.com\/index.php\/wp-json\/wp\/v2\/comments?post=25337"}],"wp:featuredmedia":[{"embeddable":true,"href":"https:\/\/jokkoshop.com\/index.php\/wp-json\/wp\/v2\/media\/25265"}],"wp:attachment":[{"href":"https:\/\/jokkoshop.com\/index.php\/wp-json\/wp\/v2\/media?parent=25337"}],"wp:term":[{"taxonomy":"product_cat","embeddable":true,"href":"https:\/\/jokkoshop.com\/index.php\/wp-json\/wp\/v2\/product_cat?post=25337"},{"taxonomy":"product_tag","embeddable":true,"href":"https:\/\/jokkoshop.com\/index.php\/wp-json\/wp\/v2\/product_tag?post=25337"}],"curies":[{"name":"wp","href":"https:\/\/api.w.org\/{rel}","templated":true}]}}