{"id":25330,"date":"2026-02-11T01:50:42","date_gmt":"2026-02-11T00:50:42","guid":{"rendered":"https:\/\/jokkoshop.com\/?post_type=product&#038;p=25330"},"modified":"2026-02-11T01:50:42","modified_gmt":"2026-02-11T00:50:42","slug":"ensemble-2pcs-pantalon-pour-femme","status":"publish","type":"product","link":"https:\/\/jokkoshop.com\/index.php\/product\/ensemble-2pcs-pantalon-pour-femme\/","title":{"rendered":"ENSEMBLE 2pcs PANTALON POUR FEMME"},"content":{"rendered":"<div class=\"Y3BBE\" data-sfc-cp=\"\" data-hveid=\"CAIQAA\" data-complete=\"true\" data-processed=\"true\">\n<div data-subtree=\"aimfl\" data-complete=\"true\" data-processed=\"true\">Cet ensemble deux-pi\u00e8ces pour femme, compos\u00e9 d&#8217;un <strong class=\"Yjhzub\" data-complete=\"true\" data-processed=\"true\">haut boutonn\u00e9<\/strong> et d&#8217;un <strong class=\"Yjhzub\" data-complete=\"true\" data-processed=\"true\">pantalon large<\/strong>, souvent d\u00e9crit comme un <strong class=\"Yjhzub\" data-complete=\"true\" data-processed=\"true\">costume en mousseline<\/strong> ou un ensemble chic venu de Turquie. Le haut se distingue par ses boutons dor\u00e9s sur le devant et \u00e0 l&#8217;arri\u00e8re, ainsi que par ses manches mi-longues avec des d\u00e9tails de liens ajustables.<\/div>\n<\/div>\n<div class=\"Fsg96\" data-sfc-cp=\"\" data-complete=\"true\" data-processed=\"true\"><\/div>\n","protected":false},"excerpt":{"rendered":"<p>Cet ensemble deux-pi\u00e8ces pour femme, compos\u00e9 d&#8217;un haut boutonn\u00e9 et d&#8217;un pantalon large, souvent d\u00e9crit comme un costume en mousseline ou un ensemble chic venu de Turquie. Le haut se distingue par ses boutons dor\u00e9s sur le devant et \u00e0 l&#8217;arri\u00e8re, ainsi que par ses manches mi-longues avec des d\u00e9tails de liens ajustables.<\/p>\n","protected":false},"featured_media":25268,"comment_status":"open","ping_status":"closed","template":"","meta":{"_monsterinsights_skip_tracking":false,"_monsterinsights_sitenote_active":false,"_monsterinsights_sitenote_note":"","_monsterinsights_sitenote_category":0},"product_cat":[15,137],"product_tag":[],"class_list":["post-25330","product","type-product","status-publish","has-post-thumbnail","hentry","product_cat-uncategorized","product_cat-femme","add-to-wishlist-after_add_to_cart"],"aioseo_notices":[],"_links":{"self":[{"href":"https:\/\/jokkoshop.com\/index.php\/wp-json\/wp\/v2\/product\/25330","targetHints":{"allow":["GET"]}}],"collection":[{"href":"https:\/\/jokkoshop.com\/index.php\/wp-json\/wp\/v2\/product"}],"about":[{"href":"https:\/\/jokkoshop.com\/index.php\/wp-json\/wp\/v2\/types\/product"}],"replies":[{"embeddable":true,"href":"https:\/\/jokkoshop.com\/index.php\/wp-json\/wp\/v2\/comments?post=25330"}],"wp:featuredmedia":[{"embeddable":true,"href":"https:\/\/jokkoshop.com\/index.php\/wp-json\/wp\/v2\/media\/25268"}],"wp:attachment":[{"href":"https:\/\/jokkoshop.com\/index.php\/wp-json\/wp\/v2\/media?parent=25330"}],"wp:term":[{"taxonomy":"product_cat","embeddable":true,"href":"https:\/\/jokkoshop.com\/index.php\/wp-json\/wp\/v2\/product_cat?post=25330"},{"taxonomy":"product_tag","embeddable":true,"href":"https:\/\/jokkoshop.com\/index.php\/wp-json\/wp\/v2\/product_tag?post=25330"}],"curies":[{"name":"wp","href":"https:\/\/api.w.org\/{rel}","templated":true}]}}