{"id":25329,"date":"2026-02-11T01:36:11","date_gmt":"2026-02-11T00:36:11","guid":{"rendered":"https:\/\/jokkoshop.com\/?post_type=product&#038;p=25329"},"modified":"2026-02-11T01:36:11","modified_gmt":"2026-02-11T00:36:11","slug":"ensemble-chemise-et-pantalon-pour-homme","status":"publish","type":"product","link":"https:\/\/jokkoshop.com\/index.php\/product\/ensemble-chemise-et-pantalon-pour-homme\/","title":{"rendered":"ENSEMBLE CHEMISE ET PANTALON POUR HOMME"},"content":{"rendered":"<div class=\"Y3BBE\" data-sfc-cp=\"\" data-hveid=\"CAIQAA\" data-complete=\"true\" data-processed=\"true\">\n<div data-subtree=\"aimfl\" data-complete=\"true\" data-processed=\"true\">L&#8217;ensemble deux pi\u00e8ces est un ensemble<\/div>\n<p><strong class=\"Yjhzub\" data-complete=\"true\" data-processed=\"true\">chemise polo \u00e0 fermeture \u00e9clair et pantalon<\/strong> avec des empi\u00e8cements beiges contrast\u00e9s,.<span class=\"uJ19be notranslate\" data-wiz-uids=\"UJOGYd_k,UJOGYd_l\" data-complete=\"true\" data-processed=\"true\"><span class=\"vKEkVd\" data-animation-atomic=\"\" data-wiz-attrbind=\"class=UJOGYd_j\/TKHnVd\" data-sae=\"\"><span aria-hidden=\"true\">\u00a0<\/span><button class=\"rBl3me\" data-amic=\"true\" data-icl-uuid=\"023f1b30-bd1a-4937-a8d2-76693e7e8953\" aria-label=\"Afficher les liens associ\u00e9s\" data-wiz-attrbind=\"disabled=UJOGYd_j\/C5gNJc;aria-label=UJOGYd_j\/bOjMyf;class=UJOGYd_j\/UpSNec\" data-ved=\"2ahUKEwjOsJ3Ml9CSAxWeUKQEHUVUH6YQye0OegQIAhAB\"><\/button><\/span><\/span><\/div>\n<div class=\"Fsg96\" data-sfc-cp=\"\" data-complete=\"true\" data-processed=\"true\"><\/div>\n<p><span class=\"T286Pc\" data-sfc-cp=\"\" data-complete=\"true\">\u2022 \u00a0Il s&#8217;agit d&#8217;un polo \u00e0 manches courtes pr\u00e9sentant un <strong class=\"Yjhzub\" data-complete=\"true\">col \u00e0 fermeture \u00e9clair<\/strong>\u00a0 et un motif de bandes verticales beiges sur un fond noir. Ce type de v\u00eatement est souvent fabriqu\u00e9 dans une maille textur\u00e9e ou un m\u00e9lange de polyester et d&#8217;\u00e9lasthanne.<\/span><\/p>\n<p><span class=\"T286Pc\" data-sfc-cp=\"\" data-complete=\"true\">\u2022 Le pantalon assorti avec une <strong class=\"Yjhzub\" data-complete=\"true\">bande lat\u00e9rale beige<\/strong> contrastante sur toute la longueur de la jambe. Il pr\u00e9sente g\u00e9n\u00e9ralement une coupe droite ou ajust\u00e9e avec une taille \u00e9lastique pour plus de confort.<\/span><\/p>\n","protected":false},"excerpt":{"rendered":"<p>L&#8217;ensemble deux pi\u00e8ces est un ensemble chemise polo \u00e0 fermeture \u00e9clair et pantalon avec des empi\u00e8cements beiges contrast\u00e9s,.\u00a0 \u2022 \u00a0Il s&#8217;agit d&#8217;un polo \u00e0 manches courtes pr\u00e9sentant un col \u00e0 fermeture \u00e9clair\u00a0 et un motif de bandes verticales beiges sur un fond noir. Ce type de v\u00eatement est souvent fabriqu\u00e9 dans une maille textur\u00e9e ou [&hellip;]<\/p>\n","protected":false},"featured_media":25249,"comment_status":"open","ping_status":"closed","template":"","meta":{"_monsterinsights_skip_tracking":false,"_monsterinsights_sitenote_active":false,"_monsterinsights_sitenote_note":"","_monsterinsights_sitenote_category":0},"product_cat":[15,88],"product_tag":[],"class_list":["post-25329","product","type-product","status-publish","has-post-thumbnail","hentry","product_cat-uncategorized","product_cat-hommes","add-to-wishlist-after_add_to_cart"],"aioseo_notices":[],"_links":{"self":[{"href":"https:\/\/jokkoshop.com\/index.php\/wp-json\/wp\/v2\/product\/25329","targetHints":{"allow":["GET"]}}],"collection":[{"href":"https:\/\/jokkoshop.com\/index.php\/wp-json\/wp\/v2\/product"}],"about":[{"href":"https:\/\/jokkoshop.com\/index.php\/wp-json\/wp\/v2\/types\/product"}],"replies":[{"embeddable":true,"href":"https:\/\/jokkoshop.com\/index.php\/wp-json\/wp\/v2\/comments?post=25329"}],"wp:featuredmedia":[{"embeddable":true,"href":"https:\/\/jokkoshop.com\/index.php\/wp-json\/wp\/v2\/media\/25249"}],"wp:attachment":[{"href":"https:\/\/jokkoshop.com\/index.php\/wp-json\/wp\/v2\/media?parent=25329"}],"wp:term":[{"taxonomy":"product_cat","embeddable":true,"href":"https:\/\/jokkoshop.com\/index.php\/wp-json\/wp\/v2\/product_cat?post=25329"},{"taxonomy":"product_tag","embeddable":true,"href":"https:\/\/jokkoshop.com\/index.php\/wp-json\/wp\/v2\/product_tag?post=25329"}],"curies":[{"name":"wp","href":"https:\/\/api.w.org\/{rel}","templated":true}]}}