{"id":24891,"date":"2026-02-07T00:18:20","date_gmt":"2026-02-06T23:18:20","guid":{"rendered":"https:\/\/jokkoshop.com\/?post_type=product&#038;p=24891"},"modified":"2026-02-07T17:12:40","modified_gmt":"2026-02-07T16:12:40","slug":"chaine","status":"publish","type":"product","link":"https:\/\/jokkoshop.com\/index.php\/product\/chaine\/","title":{"rendered":"Ensemble Cha\u00eene &amp; Boucles d\u2019Oreilles"},"content":{"rendered":"<h3 data-start=\"230\" data-end=\"296\">\u2728 Ensemble Cha\u00eene &amp; Boucles d\u2019Oreilles \u00c9l\u00e9gance Intemporelle \u2728<\/h3>\n<p data-start=\"298\" data-end=\"583\">Sublimez votre style avec cet <strong data-start=\"328\" data-end=\"413\">ensemble raffin\u00e9 compos\u00e9 d\u2019une cha\u00eene d\u00e9licate et de boucles d\u2019oreilles assorties<\/strong>, pens\u00e9 pour mettre en valeur votre \u00e9l\u00e9gance naturelle. Confectionn\u00e9 avec soin, cet ensemble allie <strong data-start=\"512\" data-end=\"547\">finesse, brillance et modernit\u00e9<\/strong>, parfait pour toutes les occasions.<\/p>\n<p data-start=\"585\" data-end=\"818\">La <strong data-start=\"588\" data-end=\"598\">cha\u00eene<\/strong>, l\u00e9g\u00e8re et \u00e9l\u00e9gante, \u00e9pouse harmonieusement le cou et apporte une touche de sophistication discr\u00e8te. Les <strong data-start=\"704\" data-end=\"726\">boucles d\u2019oreilles<\/strong>, au design soign\u00e9, illuminent le visage avec finesse et compl\u00e8tent parfaitement l\u2019ensemble.<\/p>\n<p data-start=\"820\" data-end=\"1011\">Id\u00e9al pour un <strong data-start=\"834\" data-end=\"844\">cadeau<\/strong>, une <strong data-start=\"850\" data-end=\"869\">soir\u00e9e sp\u00e9ciale<\/strong>, ou pour rehausser une tenue du quotidien, cet ensemble est un incontournable pour celles et ceux qui aiment allier <strong data-start=\"986\" data-end=\"1010\">classe et simplicit\u00e9<\/strong>.<\/p>\n<p data-start=\"1013\" data-end=\"1125\">\u2714 Design chic et intemporel<br data-start=\"1040\" data-end=\"1043\" \/>\u2714 Confortable \u00e0 porter<br data-start=\"1065\" data-end=\"1068\" \/>\u2714 Convient \u00e0 toutes les occasions<br data-start=\"1101\" data-end=\"1104\" \/>\u2714 Finition de qualit\u00e9<\/p>\n<p data-start=\"1127\" data-end=\"1183\">\ud83d\udc8e <strong data-start=\"1130\" data-end=\"1183\">Un bijou qui fait la diff\u00e9rence, jour apr\u00e8s jour.<\/strong><\/p>\n","protected":false},"excerpt":{"rendered":"<p>\u2728 Ensemble Cha\u00eene &amp; Boucles d\u2019Oreilles \u00c9l\u00e9gance Intemporelle \u2728 Sublimez votre style avec cet ensemble raffin\u00e9 compos\u00e9 d\u2019une cha\u00eene d\u00e9licate et de boucles d\u2019oreilles assorties, pens\u00e9 pour mettre en valeur votre \u00e9l\u00e9gance naturelle. Confectionn\u00e9 avec soin, cet ensemble allie finesse, brillance et modernit\u00e9, parfait pour toutes les occasions. La cha\u00eene, l\u00e9g\u00e8re et \u00e9l\u00e9gante, \u00e9pouse harmonieusement [&hellip;]<\/p>\n","protected":false},"featured_media":24839,"comment_status":"open","ping_status":"closed","template":"","meta":{"_monsterinsights_skip_tracking":false,"_monsterinsights_sitenote_active":false,"_monsterinsights_sitenote_note":"","_monsterinsights_sitenote_category":0},"product_cat":[15,137],"product_tag":[],"class_list":["post-24891","product","type-product","status-publish","has-post-thumbnail","hentry","product_cat-uncategorized","product_cat-femme","add-to-wishlist-after_add_to_cart"],"aioseo_notices":[],"_links":{"self":[{"href":"https:\/\/jokkoshop.com\/index.php\/wp-json\/wp\/v2\/product\/24891","targetHints":{"allow":["GET"]}}],"collection":[{"href":"https:\/\/jokkoshop.com\/index.php\/wp-json\/wp\/v2\/product"}],"about":[{"href":"https:\/\/jokkoshop.com\/index.php\/wp-json\/wp\/v2\/types\/product"}],"replies":[{"embeddable":true,"href":"https:\/\/jokkoshop.com\/index.php\/wp-json\/wp\/v2\/comments?post=24891"}],"wp:featuredmedia":[{"embeddable":true,"href":"https:\/\/jokkoshop.com\/index.php\/wp-json\/wp\/v2\/media\/24839"}],"wp:attachment":[{"href":"https:\/\/jokkoshop.com\/index.php\/wp-json\/wp\/v2\/media?parent=24891"}],"wp:term":[{"taxonomy":"product_cat","embeddable":true,"href":"https:\/\/jokkoshop.com\/index.php\/wp-json\/wp\/v2\/product_cat?post=24891"},{"taxonomy":"product_tag","embeddable":true,"href":"https:\/\/jokkoshop.com\/index.php\/wp-json\/wp\/v2\/product_tag?post=24891"}],"curies":[{"name":"wp","href":"https:\/\/api.w.org\/{rel}","templated":true}]}}