{"id":24890,"date":"2026-02-07T00:10:40","date_gmt":"2026-02-06T23:10:40","guid":{"rendered":"https:\/\/jokkoshop.com\/?post_type=product&#038;p=24890"},"modified":"2026-02-07T00:10:41","modified_gmt":"2026-02-06T23:10:41","slug":"djellaba-homme","status":"publish","type":"product","link":"https:\/\/jokkoshop.com\/index.php\/product\/djellaba-homme\/","title":{"rendered":"DJELLABA HOMME"},"content":{"rendered":"<p data-start=\"91\" data-end=\"146\">\ud83e\udd0d\u00a0<strong data-start=\"94\" data-end=\"141\">\u00a0\u00c9l\u00e9gance &amp; sobri\u00e9t\u00e9<\/strong> \ud83e\udd0d<\/p>\n<p data-start=\"148\" data-end=\"403\">Optez pour un style <strong data-start=\"168\" data-end=\"192\">classe et intemporel<\/strong> <strong data-start=\"204\" data-end=\"234\">pour homme<\/strong>, parfaite pour toutes les occasions. Confectionn\u00e9e dans un tissu de qualit\u00e9, elle offre un <strong data-start=\"326\" data-end=\"345\">confort optimal<\/strong> et une <strong data-start=\"353\" data-end=\"370\">coupe soign\u00e9e<\/strong> qui met en valeur la silhouette.<\/p>\n<p data-start=\"405\" data-end=\"566\">Facile \u00e0 associer, cette chemise est id\u00e9ale pour le <strong data-start=\"457\" data-end=\"526\">travail, les c\u00e9r\u00e9monies, les sorties ou les \u00e9v\u00e9nements importants<\/strong>. Un indispensable du dressing masculin.<\/p>\n<p data-start=\"568\" data-end=\"712\">Style : Classique et \u00e9l\u00e9gant<br data-start=\"620\" data-end=\"623\" \/>\u00a0Confort : L\u00e9ger et agr\u00e9able \u00e0 porter<br data-start=\"662\" data-end=\"665\" \/>\u00a0Utilisation : Bureau, c\u00e9r\u00e9monie, quotidien<\/p>\n<p data-start=\"714\" data-end=\"834\"><strong data-start=\"717\" data-end=\"783\">Un basique incontournable pour un look propre et professionnel<\/strong><br data-start=\"783\" data-end=\"786\" \/>\u00a0Disponible en plusieurs tailles (selon stock)<\/p>\n<p data-start=\"836\" data-end=\"970\">\ud83d\udc49 <strong data-start=\"839\" data-end=\"883\">Commandez d\u00e8s maintenant chez JOKKO Shop<\/strong><\/p>\n","protected":false},"excerpt":{"rendered":"<p>\ud83e\udd0d\u00a0\u00a0\u00c9l\u00e9gance &amp; sobri\u00e9t\u00e9 \ud83e\udd0d Optez pour un style classe et intemporel pour homme, parfaite pour toutes les occasions. Confectionn\u00e9e dans un tissu de qualit\u00e9, elle offre un confort optimal et une coupe soign\u00e9e qui met en valeur la silhouette. Facile \u00e0 associer, cette chemise est id\u00e9ale pour le travail, les c\u00e9r\u00e9monies, les sorties ou les [&hellip;]<\/p>\n","protected":false},"featured_media":24882,"comment_status":"open","ping_status":"closed","template":"","meta":{"_monsterinsights_skip_tracking":false,"_monsterinsights_sitenote_active":false,"_monsterinsights_sitenote_note":"","_monsterinsights_sitenote_category":0},"product_cat":[15,88],"product_tag":[],"class_list":["post-24890","product","type-product","status-publish","has-post-thumbnail","hentry","product_cat-uncategorized","product_cat-hommes","add-to-wishlist-after_add_to_cart"],"aioseo_notices":[],"_links":{"self":[{"href":"https:\/\/jokkoshop.com\/index.php\/wp-json\/wp\/v2\/product\/24890","targetHints":{"allow":["GET"]}}],"collection":[{"href":"https:\/\/jokkoshop.com\/index.php\/wp-json\/wp\/v2\/product"}],"about":[{"href":"https:\/\/jokkoshop.com\/index.php\/wp-json\/wp\/v2\/types\/product"}],"replies":[{"embeddable":true,"href":"https:\/\/jokkoshop.com\/index.php\/wp-json\/wp\/v2\/comments?post=24890"}],"wp:featuredmedia":[{"embeddable":true,"href":"https:\/\/jokkoshop.com\/index.php\/wp-json\/wp\/v2\/media\/24882"}],"wp:attachment":[{"href":"https:\/\/jokkoshop.com\/index.php\/wp-json\/wp\/v2\/media?parent=24890"}],"wp:term":[{"taxonomy":"product_cat","embeddable":true,"href":"https:\/\/jokkoshop.com\/index.php\/wp-json\/wp\/v2\/product_cat?post=24890"},{"taxonomy":"product_tag","embeddable":true,"href":"https:\/\/jokkoshop.com\/index.php\/wp-json\/wp\/v2\/product_tag?post=24890"}],"curies":[{"name":"wp","href":"https:\/\/api.w.org\/{rel}","templated":true}]}}