{"id":24883,"date":"2026-02-06T00:30:18","date_gmt":"2026-02-05T23:30:18","guid":{"rendered":"https:\/\/jokkoshop.com\/?post_type=product&#038;p=24883"},"modified":"2026-02-06T23:37:53","modified_gmt":"2026-02-06T22:37:53","slug":"sac-a-main","status":"publish","type":"product","link":"https:\/\/jokkoshop.com\/index.php\/product\/sac-a-main\/","title":{"rendered":"SAC A MAIN"},"content":{"rendered":"<div class=\"relative basis-auto flex-col -mb-(--composer-overlap-px) [--composer-overlap-px:28px] grow flex\">\n<div class=\"flex flex-col text-sm pb-25\">\n<article class=\"text-token-text-primary w-full focus:outline-none [--shadow-height:45px] has-data-writing-block:pointer-events-none has-data-writing-block:-mt-(--shadow-height) has-data-writing-block:pt-(--shadow-height) [&amp;:has([data-writing-block])&gt;*]:pointer-events-auto scroll-mt-[calc(var(--header-height)+min(200px,max(70px,20svh)))]\" dir=\"auto\" data-turn-id=\"request-WEB:dad31dbf-b77e-48a3-bc49-f396567a03e2-1\" data-testid=\"conversation-turn-4\" data-scroll-anchor=\"true\" data-turn=\"assistant\">\n<div class=\"text-base my-auto mx-auto pb-10 [--thread-content-margin:--spacing(4)] @w-sm\/main:[--thread-content-margin:--spacing(6)] @w-lg\/main:[--thread-content-margin:--spacing(16)] px-(--thread-content-margin)\">\n<div class=\"[--thread-content-max-width:40rem] @w-lg\/main:[--thread-content-max-width:48rem] mx-auto max-w-(--thread-content-max-width) flex-1 group\/turn-messages focus-visible:outline-hidden relative flex w-full min-w-0 flex-col agent-turn\">\n<div class=\"flex max-w-full flex-col grow\">\n<div class=\"min-h-8 text-message relative flex w-full flex-col items-end gap-2 text-start break-words whitespace-normal [.text-message+&amp;]:mt-1\" dir=\"auto\" data-message-author-role=\"assistant\" data-message-id=\"47f5e32f-544d-4aaf-af44-904476311c7b\" data-message-model-slug=\"gpt-5-2\">\n<div class=\"flex w-full flex-col gap-1 empty:hidden first:pt-[1px]\">\n<div class=\"markdown prose dark:prose-invert w-full wrap-break-word light markdown-new-styling\">\n<p data-start=\"94\" data-end=\"155\">\u2728 <strong data-start=\"96\" data-end=\"151\">Sac \u00e0 main chic pour femme \u2013 \u00c9l\u00e9gance &amp; raffinement<\/strong> \u2728<\/p>\n<p data-start=\"157\" data-end=\"389\">Apportez une touche de glamour \u00e0 votre tenue avec ce <strong data-start=\"210\" data-end=\"247\">magnifique sac \u00e0 main <\/strong>, au design \u00e9l\u00e9gant et moderne. Son <strong data-start=\"283\" data-end=\"335\">d\u00e9tail en libellule orn\u00e9e de strass scintillants<\/strong> en fait une pi\u00e8ce unique qui attire tous les regards.<\/p>\n<p data-start=\"391\" data-end=\"640\">Con\u00e7u pour allier <strong data-start=\"409\" data-end=\"431\">style et praticit\u00e9<\/strong>, ce sac dispose d\u2019une <strong data-start=\"454\" data-end=\"472\">poign\u00e9e rigide<\/strong> pour un port\u00e9 main \u00e9l\u00e9gant et d\u2019une <strong data-start=\"509\" data-end=\"533\">bandouli\u00e8re amovible<\/strong> pour un port\u00e9 \u00e9paule ou crois\u00e9. Son <strong data-start=\"570\" data-end=\"588\">format compact<\/strong> est id\u00e9al pour transporter l\u2019essentiel avec classe.<\/p>\n<p data-start=\"642\" data-end=\"790\">\u00a0D\u00e9tail : Libellule d\u00e9corative en strass<br data-start=\"711\" data-end=\"714\" \/>\u00a0Port\u00e9 : Main, \u00e9paule ou bandouli\u00e8re<br data-start=\"752\" data-end=\"755\" \/>\u00a0Style : Chic, \u00e9l\u00e9gant, moderne<\/p>\n<p data-start=\"792\" data-end=\"896\"><strong data-start=\"795\" data-end=\"858\">Parfait pour les sorties, f\u00eates, c\u00e9r\u00e9monies ou comme cadeau<\/strong><br data-start=\"858\" data-end=\"861\" \/>\u00a0Disponible en quantit\u00e9 limit\u00e9e<\/p>\n<p data-start=\"898\" data-end=\"955\">\ud83d\udc49 <strong data-start=\"901\" data-end=\"955\">Commandez d\u00e8s maintenant et sublimez votre style !<\/strong><\/p>\n<p data-start=\"957\" data-end=\"994\">\n<\/div>\n<\/div>\n<\/div>\n<\/div>\n<div class=\"z-0 flex min-h-[46px] justify-start\"><\/div>\n<div class=\"mt-3 w-full empty:hidden\">\n<div class=\"text-center\"><\/div>\n<\/div>\n<\/div>\n<\/div>\n<\/article>\n<\/div>\n<div class=\"pointer-events-none h-px w-px absolute bottom-0\" aria-hidden=\"true\" data-edge=\"true\"><\/div>\n<\/div>\n<div id=\"thread-bottom-container\" class=\"sticky bottom-0 group\/thread-bottom-container relative isolate z-10 w-full basis-auto has-data-has-thread-error:pt-2 has-data-has-thread-error:[box-shadow:var(--sharp-edge-bottom-shadow)] md:border-transparent md:pt-0 dark:border-white\/20 md:dark:border-transparent print:hidden content-fade single-line flex flex-col\">\n<div class=\"relative h-0\">\n<div><\/div>\n<\/div>\n<div id=\"thread-bottom\">\n<div class=\"text-base mx-auto [--thread-content-margin:--spacing(4)] @w-sm\/main:[--thread-content-margin:--spacing(6)] @w-lg\/main:[--thread-content-margin:--spacing(16)] px-(--thread-content-margin)\">\n<div class=\"[--thread-content-max-width:40rem] @w-lg\/main:[--thread-content-max-width:48rem] mx-auto max-w-(--thread-content-max-width) flex-1 mb-4\">\n<div class=\"flex justify-center empty:hidden\"><\/div>\n<div class=\"pointer-events-auto relative z-1 flex h-(--composer-container-height,100%) max-w-full flex-(--composer-container-flex,1) flex-col\">\n<div class=\"absolute start-0 end-0 bottom-full z-20\"><\/div>\n<div class=\"hidden\"><\/div>\n<div class=\"\">\n<div class=\"bg-token-bg-primary corner-superellipse\/1.1 cursor-text overflow-clip bg-clip-padding p-2.5 contain-inline-size motion-safe:transition-colors motion-safe:duration-200 motion-safe:ease-in-out dark:bg-[#303030] grid grid-cols-[auto_1fr_auto] [grid-template-areas:'header_header_header'_'leading_primary_trailing'_'._footer_.'] group-data-expanded\/composer:[grid-template-areas:'header_header_header'_'primary_primary_primary'_'leading_footer_trailing'] shadow-short\" data-composer-surface=\"true\">\n<div class=\"-my-2.5 flex min-h-14 items-center overflow-x-hidden px-1.5 [grid-area:primary] group-data-expanded\/composer:mb-0 group-data-expanded\/composer:px-2.5\">\n<div class=\"wcDTda_prosemirror-parent text-token-text-primary max-h-[max(30svh,5rem)] max-h-52 min-h-[var(--deep-research-composer-extra-height,unset)] flex-1 overflow-auto [scrollbar-width:thin] default-browser vertical-scroll-fade-mask\"><textarea class=\"wcDTda_fallbackTextarea\" name=\"prompt-textarea\" data-virtualkeyboard=\"true\"><\/textarea><\/p>\n<div id=\"prompt-textarea\" class=\"ProseMirror\" data-virtualkeyboard=\"true\"><\/div>\n<\/div>\n<\/div>\n<div class=\"[grid-area:leading]\"><\/div>\n<div class=\"flex items-center gap-2 [grid-area:trailing]\">\n<div class=\"ms-auto flex items-center gap-1.5\"><button class=\"composer-btn\" type=\"button\" aria-label=\"Bouton Dicter\"><\/button><\/p>\n<div>\n<div>\n<div class=\"relative\"><\/div>\n<\/div>\n<\/div>\n<\/div>\n<\/div>\n<\/div>\n<\/div>\n<\/div>\n<\/div>\n<\/div>\n<\/div>\n<\/div>\n","protected":false},"excerpt":{"rendered":"<p>\u2728 Sac \u00e0 main chic pour femme \u2013 \u00c9l\u00e9gance &amp; raffinement \u2728 Apportez une touche de glamour \u00e0 votre tenue avec ce magnifique sac \u00e0 main , au design \u00e9l\u00e9gant et moderne. Son d\u00e9tail en libellule orn\u00e9e de strass scintillants en fait une pi\u00e8ce unique qui attire tous les regards. Con\u00e7u pour allier style et [&hellip;]<\/p>\n","protected":false},"featured_media":24808,"comment_status":"open","ping_status":"closed","template":"","meta":{"_monsterinsights_skip_tracking":false,"_monsterinsights_sitenote_active":false,"_monsterinsights_sitenote_note":"","_monsterinsights_sitenote_category":0},"product_cat":[15,137],"product_tag":[],"class_list":["post-24883","product","type-product","status-publish","has-post-thumbnail","hentry","product_cat-uncategorized","product_cat-femme","add-to-wishlist-after_add_to_cart"],"aioseo_notices":[],"_links":{"self":[{"href":"https:\/\/jokkoshop.com\/index.php\/wp-json\/wp\/v2\/product\/24883","targetHints":{"allow":["GET"]}}],"collection":[{"href":"https:\/\/jokkoshop.com\/index.php\/wp-json\/wp\/v2\/product"}],"about":[{"href":"https:\/\/jokkoshop.com\/index.php\/wp-json\/wp\/v2\/types\/product"}],"replies":[{"embeddable":true,"href":"https:\/\/jokkoshop.com\/index.php\/wp-json\/wp\/v2\/comments?post=24883"}],"wp:featuredmedia":[{"embeddable":true,"href":"https:\/\/jokkoshop.com\/index.php\/wp-json\/wp\/v2\/media\/24808"}],"wp:attachment":[{"href":"https:\/\/jokkoshop.com\/index.php\/wp-json\/wp\/v2\/media?parent=24883"}],"wp:term":[{"taxonomy":"product_cat","embeddable":true,"href":"https:\/\/jokkoshop.com\/index.php\/wp-json\/wp\/v2\/product_cat?post=24883"},{"taxonomy":"product_tag","embeddable":true,"href":"https:\/\/jokkoshop.com\/index.php\/wp-json\/wp\/v2\/product_tag?post=24883"}],"curies":[{"name":"wp","href":"https:\/\/api.w.org\/{rel}","templated":true}]}}