{"id":21414,"date":"2023-07-12T15:09:40","date_gmt":"2023-07-12T08:09:40","guid":{"rendered":"http:\/\/localhost\/jokko_shop\/?page_id=21414"},"modified":"2023-12-14T20:40:36","modified_gmt":"2023-12-14T19:40:36","slug":"about-2","status":"publish","type":"page","link":"https:\/\/jokkoshop.com\/index.php\/about-2\/","title":{"rendered":"About"},"content":{"rendered":"<style>\/*! elementor - v3.17.0 - 08-11-2023 *\/\n.elementor-heading-title{padding:0;margin:0;line-height:1}.elementor-widget-heading .elementor-heading-title[class*=elementor-size-]>a{color:inherit;font-size:inherit;line-height:inherit}.elementor-widget-heading .elementor-heading-title.elementor-size-small{font-size:15px}.elementor-widget-heading .elementor-heading-title.elementor-size-medium{font-size:19px}.elementor-widget-heading .elementor-heading-title.elementor-size-large{font-size:29px}.elementor-widget-heading .elementor-heading-title.elementor-size-xl{font-size:39px}.elementor-widget-heading .elementor-heading-title.elementor-size-xxl{font-size:59px}<\/style>\n<h2>La petite histoire<\/h2>\n<p>Depuis nos modestes d\u00e9buts, Jokko Shop s&#8217;est d\u00e9velopp\u00e9 avec une passion commune : fournir \u00e0 nos clients des produits exceptionnels \u00e0 des prix comp\u00e9titifs. Notre parcours a \u00e9t\u00e9 marqu\u00e9 par des d\u00e9fis stimulants, mais notre engagement envers la satisfaction client et la qualit\u00e9 a toujours \u00e9t\u00e9 notre boussole.<\/p>\n<style>\/*! elementor - v3.17.0 - 08-11-2023 *\/\n.elementor-widget-image{text-align:center}.elementor-widget-image a{display:inline-block}.elementor-widget-image a img[src$=\".svg\"]{width:48px}.elementor-widget-image img{vertical-align:middle;display:inline-block}<\/style>\n<p>\t\t\t\t\t\t\t\t\t\t\t\t<img fetchpriority=\"high\" decoding=\"async\" width=\"2074\" height=\"764\" src=\"http:\/\/localhost\/jokko_shop\/wp-content\/uploads\/2023\/05\/about-banner-1-case.png\" alt=\"\" srcset=\"http:\/\/localhost\/jokko_shop\/wp-content\/uploads\/2023\/05\/about-banner-1-case.png 2074w, http:\/\/localhost\/jokko_shop\/wp-content\/uploads\/2023\/05\/about-banner-1-case-1000x368.png 1000w\" sizes=\"(max-width: 2074px) 100vw, 2074px\" \/>\t\t\t\t\t\t\t\t\t\t\t\t\t\t\t<\/p>\n<h3>Notre Engagement envers la Qualit\u00e9<br \/>\n<\/h3>\n<p style=\"border: 0px solid #d9d9e3; --tw-border-spacing-x: 0; --tw-border-spacing-y: 0; --tw-translate-x: 0; --tw-translate-y: 0; --tw-rotate: 0; --tw-skew-x: 0; --tw-skew-y: 0; --tw-scale-x: 1; --tw-scale-y: 1; --tw-scroll-snap-strictness: proximity; --tw-ring-offset-width: 0px; --tw-ring-offset-color: #fff; --tw-ring-color: rgba(69,89,164,.5); --tw-ring-offset-shadow: 0 0 transparent; --tw-ring-shadow: 0 0 transparent; --tw-shadow: 0 0 transparent; --tw-shadow-colored: 0 0 transparent; margin-bottom: 1.25em; color: #374151; font-family: S\u00f6hne, ui-sans-serif, system-ui, -apple-system, 'Segoe UI', Roboto, Ubuntu, Cantarell, 'Noto Sans', sans-serif, 'Helvetica Neue', Arial, 'Apple Color Emoji', 'Segoe UI Emoji', 'Segoe UI Symbol', 'Noto Color Emoji'; text-align: start; white-space-collapse: preserve;\">La qualit\u00e9 est au c\u0153ur de tout ce que nous faisons. Chaque produit pr\u00e9sent sur Jokko Shop est soigneusement s\u00e9lectionn\u00e9 pour r\u00e9pondre \u00e0 nos normes \u00e9lev\u00e9es en mati\u00e8re de durabilit\u00e9, de design et de fonctionnalit\u00e9. Nous collaborons avec des fournisseurs de confiance pour vous offrir une garantie de satisfaction totale.<\/p>\n<link rel=\"stylesheet\" href=\"http:\/\/localhost\/jokko_shop\/wp-content\/uploads\/elementor\/css\/custom-widget-icon-box.min.css?ver=1700083944\">\n<h3>\n\t\t\t\t\t\tResistance<br \/>\n\t\t\t\t<\/h3>\n<h3>\n\t\t\t\t\t\tDurable<br \/>\n\t\t\t\t<\/h3>\n<h3>\n\t\t\t\t\t\t100% S\u00fbr<br \/>\n\t\t\t\t<\/h3>\n<style>\/*! elementor - v3.17.0 - 08-11-2023 *\/\n.elementor-widget-divider{--divider-border-style:none;--divider-border-width:1px;--divider-color:#0c0d0e;--divider-icon-size:20px;--divider-element-spacing:10px;--divider-pattern-height:24px;--divider-pattern-size:20px;--divider-pattern-url:none;--divider-pattern-repeat:repeat-x}.elementor-widget-divider .elementor-divider{display:flex}.elementor-widget-divider .elementor-divider__text{font-size:15px;line-height:1;max-width:95%}.elementor-widget-divider .elementor-divider__element{margin:0 var(--divider-element-spacing);flex-shrink:0}.elementor-widget-divider .elementor-icon{font-size:var(--divider-icon-size)}.elementor-widget-divider .elementor-divider-separator{display:flex;margin:0;direction:ltr}.elementor-widget-divider--view-line_icon .elementor-divider-separator,.elementor-widget-divider--view-line_text .elementor-divider-separator{align-items:center}.elementor-widget-divider--view-line_icon .elementor-divider-separator:after,.elementor-widget-divider--view-line_icon .elementor-divider-separator:before,.elementor-widget-divider--view-line_text .elementor-divider-separator:after,.elementor-widget-divider--view-line_text .elementor-divider-separator:before{display:block;content:\"\";border-bottom:0;flex-grow:1;border-top:var(--divider-border-width) var(--divider-border-style) var(--divider-color)}.elementor-widget-divider--element-align-left .elementor-divider .elementor-divider-separator>.elementor-divider__svg:first-of-type{flex-grow:0;flex-shrink:100}.elementor-widget-divider--element-align-left .elementor-divider-separator:before{content:none}.elementor-widget-divider--element-align-left .elementor-divider__element{margin-left:0}.elementor-widget-divider--element-align-right .elementor-divider .elementor-divider-separator>.elementor-divider__svg:last-of-type{flex-grow:0;flex-shrink:100}.elementor-widget-divider--element-align-right .elementor-divider-separator:after{content:none}.elementor-widget-divider--element-align-right .elementor-divider__element{margin-right:0}.elementor-widget-divider:not(.elementor-widget-divider--view-line_text):not(.elementor-widget-divider--view-line_icon) .elementor-divider-separator{border-top:var(--divider-border-width) var(--divider-border-style) var(--divider-color)}.elementor-widget-divider--separator-type-pattern{--divider-border-style:none}.elementor-widget-divider--separator-type-pattern.elementor-widget-divider--view-line .elementor-divider-separator,.elementor-widget-divider--separator-type-pattern:not(.elementor-widget-divider--view-line) .elementor-divider-separator:after,.elementor-widget-divider--separator-type-pattern:not(.elementor-widget-divider--view-line) .elementor-divider-separator:before,.elementor-widget-divider--separator-type-pattern:not([class*=elementor-widget-divider--view]) .elementor-divider-separator{width:100%;min-height:var(--divider-pattern-height);-webkit-mask-size:var(--divider-pattern-size) 100%;mask-size:var(--divider-pattern-size) 100%;-webkit-mask-repeat:var(--divider-pattern-repeat);mask-repeat:var(--divider-pattern-repeat);background-color:var(--divider-color);-webkit-mask-image:var(--divider-pattern-url);mask-image:var(--divider-pattern-url)}.elementor-widget-divider--no-spacing{--divider-pattern-size:auto}.elementor-widget-divider--bg-round{--divider-pattern-repeat:round}.rtl .elementor-widget-divider .elementor-divider__text{direction:rtl}.e-con-inner>.elementor-widget-divider,.e-con>.elementor-widget-divider{width:var(--container-widget-width,100%);--flex-grow:var(--container-widget-flex-grow)}<\/style>\n<h3>L&#8217;\u00c9quipe Jokko<\/h3>\n<p>\t\t\tRencontrez l&#8217;\u00e9quipe passionn\u00e9e derri\u00e8re Jokko Shop. Nous sommes une \u00e9quipe diversifi\u00e9e, unie par notre amour pour le commerce \u00e9lectronique et notre engagement envers l&#8217;excellence. Ensemble, nous travaillons chaque jour pour rendre votre exp\u00e9rience shopping exceptionnelle.<br \/>\n\t\t\t\t\t\t\t\t\t\t\t\t\t\t\t<img decoding=\"async\" width=\"460\" height=\"265\" src=\"http:\/\/localhost\/jokko_shop\/wp-content\/uploads\/2023\/05\/about-banner-2-case.jpg\" alt=\"\" \/>\t\t\t\t\t\t\t\t\t\t\t\t\t\t\t<\/p>\n<h2>We care for the environment at every stage of production<\/h2>\n<p>\t\tThese days you can take your own inspiration and create something new for yourself.<br \/>\n\t\t\t\t\t\t\t\t\t\t\t\t\t\t\t<img decoding=\"async\" width=\"460\" height=\"265\" src=\"http:\/\/localhost\/jokko_shop\/wp-content\/uploads\/2023\/05\/about-banner-3-case.jpg\" alt=\"\" \/>\t\t\t\t\t\t\t\t\t\t\t\t\t\t\t<\/p>\n<h2>Protection and safe to carry size<\/h2>\n<p>\t\tAll you need to do is read books and magazines about fashion, watch videos on youtube, keep yourself updated on social media, and of course also shop online!<br \/>\n\t\t\t\t\t\t\t\t\t\t\t\t\t\t\t<img loading=\"lazy\" decoding=\"async\" width=\"460\" height=\"265\" src=\"http:\/\/localhost\/jokko_shop\/wp-content\/uploads\/2023\/05\/about-banner-4-case.jpg\" alt=\"\" \/>\t\t\t\t\t\t\t\t\t\t\t\t\t\t\t<\/p>\n<h2>Quick take off<br \/>\nand landing in hand<\/h2>\n<p>\t\tYou don&#8217;t need to look for a place to start. The safe distribution of the propellers guarantees safe take-offs directly from your hand.\t\t<\/p>\n<h3>Jokko Shop c&#8217;est :<\/h3>\n<style>\/*! elementor - v3.17.0 - 08-11-2023 *\/\n.elementor-counter .elementor-counter-number-wrapper{display:flex;font-size:69px;font-weight:600;line-height:1}.elementor-counter .elementor-counter-number-prefix,.elementor-counter .elementor-counter-number-suffix{flex-grow:1;white-space:pre-wrap}.elementor-counter .elementor-counter-number-prefix{text-align:right}.elementor-counter .elementor-counter-number-suffix{text-align:left}.elementor-counter .elementor-counter-title{text-align:center;font-size:19px;font-weight:400;line-height:2.5}<\/style>\n<p>\t\t\t\t+<br \/>\n\t\t\t\t0<br \/>\n\t\t\t\t\t\t\tAnn\u00e9es d&#8217;exp\u00e9rience\u200b<br \/>\n\t\t\t\t+<br \/>\n\t\t\t\t0<br \/>\n\t\t\t\t\t\t\tFournisseurs<br \/>\n\t\t\t\t+<br \/>\n\t\t\t\t0<br \/>\n\t\t\t\t\t\t\tProduits<br \/>\n\t\t\t\t+<br \/>\n\t\t\t\t0<br \/>\n\t\t\t\t%<br \/>\n\t\t\t\t\t\t\tSatisfaction client<br \/>\n\t\t\t\t\t\t\t\t\t\t\t\t\t\t\t<img loading=\"lazy\" decoding=\"async\" width=\"1024\" height=\"512\" src=\"http:\/\/localhost\/jokko_shop\/wp-content\/uploads\/2023\/12\/WhatsApp-Image-2023-12-13-at-19.40.28-3.jpeg\" alt=\"\" srcset=\"http:\/\/localhost\/jokko_shop\/wp-content\/uploads\/2023\/12\/WhatsApp-Image-2023-12-13-at-19.40.28-3.jpeg 1024w, http:\/\/localhost\/jokko_shop\/wp-content\/uploads\/2023\/12\/WhatsApp-Image-2023-12-13-at-19.40.28-3-300x150.jpeg 300w, http:\/\/localhost\/jokko_shop\/wp-content\/uploads\/2023\/12\/WhatsApp-Image-2023-12-13-at-19.40.28-3-768x384.jpeg 768w, http:\/\/localhost\/jokko_shop\/wp-content\/uploads\/2023\/12\/WhatsApp-Image-2023-12-13-at-19.40.28-3-340x170.jpeg 340w, http:\/\/localhost\/jokko_shop\/wp-content\/uploads\/2023\/12\/WhatsApp-Image-2023-12-13-at-19.40.28-3-1000x500.jpeg 1000w\" sizes=\"(max-width: 1024px) 100vw, 1024px\" \/>\t\t\t\t\t\t\t\t\t\t\t\t\t\t\t<\/p>\n<h2>Des promotions \u00e0 couper  le souffle<\/h2>\n<h2>Et c&#8217;est toute l&#8217;ann\u00e9e !<\/h2>\n<p>\t\t\t\t\t\t\t\t\t\t\t\t\t\t\t<img loading=\"lazy\" decoding=\"async\" width=\"1024\" height=\"512\" src=\"http:\/\/localhost\/jokko_shop\/wp-content\/uploads\/2023\/12\/WhatsApp-Image-2023-12-13-at-19.40.28-6.jpeg\" alt=\"\" srcset=\"http:\/\/localhost\/jokko_shop\/wp-content\/uploads\/2023\/12\/WhatsApp-Image-2023-12-13-at-19.40.28-6.jpeg 1024w, http:\/\/localhost\/jokko_shop\/wp-content\/uploads\/2023\/12\/WhatsApp-Image-2023-12-13-at-19.40.28-6-300x150.jpeg 300w, http:\/\/localhost\/jokko_shop\/wp-content\/uploads\/2023\/12\/WhatsApp-Image-2023-12-13-at-19.40.28-6-768x384.jpeg 768w, http:\/\/localhost\/jokko_shop\/wp-content\/uploads\/2023\/12\/WhatsApp-Image-2023-12-13-at-19.40.28-6-340x170.jpeg 340w, http:\/\/localhost\/jokko_shop\/wp-content\/uploads\/2023\/12\/WhatsApp-Image-2023-12-13-at-19.40.28-6-1000x500.jpeg 1000w\" sizes=\"(max-width: 1024px) 100vw, 1024px\" \/>\t\t\t\t\t\t\t\t\t\t\t\t\t\t\t<\/p>\n<h3>Trending collections<\/h3>\n<p>\t\t\t\t\t\t\t\t\t\t\t\t\t\t\t\t<a href=\"http:\/\/localhost\/jokko_shop\/shop\/\"><br \/>\n\t\t\t\t\t\t\t<img loading=\"lazy\" decoding=\"async\" width=\"460\" height=\"460\" src=\"http:\/\/localhost\/jokko_shop\/wp-content\/uploads\/2023\/05\/case-1-banner-3.jpg\" alt=\"\" srcset=\"http:\/\/localhost\/jokko_shop\/wp-content\/uploads\/2023\/05\/case-1-banner-3.jpg 460w, http:\/\/localhost\/jokko_shop\/wp-content\/uploads\/2023\/05\/case-1-banner-3-100x100.jpg 100w\" sizes=\"(max-width: 460px) 100vw, 460px\" \/>\t\t\t\t\t\t\t\t<\/a><\/p>\n<h3><a href=\"http:\/\/localhost\/jokko_shop\/shop\/\">Weird Patterns<\/a><\/h3>\n<p>\t\t\t<a href=\"http:\/\/localhost\/jokko_shop\/shop\/\"><br \/>\n\t\t\t\t\t\tShop now<br \/>\n\t\t\t\t\t<\/a><br \/>\n\t\t\t\t\t\t\t\t\t\t\t\t\t\t\t\t<a href=\"http:\/\/localhost\/jokko_shop\/shop\/\"><br \/>\n\t\t\t\t\t\t\t<img loading=\"lazy\" decoding=\"async\" width=\"460\" height=\"460\" src=\"http:\/\/localhost\/jokko_shop\/wp-content\/uploads\/2023\/05\/case-1-banner-4.jpg\" alt=\"\" srcset=\"http:\/\/localhost\/jokko_shop\/wp-content\/uploads\/2023\/05\/case-1-banner-4.jpg 460w, http:\/\/localhost\/jokko_shop\/wp-content\/uploads\/2023\/05\/case-1-banner-4-100x100.jpg 100w\" sizes=\"(max-width: 460px) 100vw, 460px\" \/>\t\t\t\t\t\t\t\t<\/a><\/p>\n<h3><a href=\"http:\/\/localhost\/jokko_shop\/shop\/\">Dark Side<\/a><\/h3>\n<p>\t\t\t<a href=\"http:\/\/localhost\/jokko_shop\/shop\/\"><br \/>\n\t\t\t\t\t\tShop now<br \/>\n\t\t\t\t\t<\/a><br \/>\n\t\t\t\t\t\t\t\t\t\t\t\t\t\t\t\t<a href=\"http:\/\/localhost\/jokko_shop\/shop\/\"><br \/>\n\t\t\t\t\t\t\t<img loading=\"lazy\" decoding=\"async\" width=\"460\" height=\"460\" src=\"http:\/\/localhost\/jokko_shop\/wp-content\/uploads\/2023\/05\/case-1-banner-5.jpg\" alt=\"\" srcset=\"http:\/\/localhost\/jokko_shop\/wp-content\/uploads\/2023\/05\/case-1-banner-5.jpg 460w, http:\/\/localhost\/jokko_shop\/wp-content\/uploads\/2023\/05\/case-1-banner-5-100x100.jpg 100w\" sizes=\"(max-width: 460px) 100vw, 460px\" \/>\t\t\t\t\t\t\t\t<\/a><\/p>\n<h3><a href=\"http:\/\/localhost\/jokko_shop\/shop\/\">Colors of Summer<\/a><\/h3>\n<p>\t\t\t<a href=\"http:\/\/localhost\/jokko_shop\/shop\/\"><br \/>\n\t\t\t\t\t\tShop now<br \/>\n\t\t\t\t\t<\/a><\/p>\n<header>\n<h2>\n\t\t\t\t\t\tTemoignages\t\t\t\t\t<\/h2>\n<\/header>\n<p>\t\t\t\t\t\t\t\t\t\t<img loading=\"lazy\" width=\"600\" height=\"799\" src=\"http:\/\/localhost\/jokko_shop\/wp-content\/uploads\/2023\/10\/product-gallery-3-600x799.jpg\" alt=\"\" decoding=\"async\" srcset=\"http:\/\/localhost\/jokko_shop\/wp-content\/uploads\/2023\/10\/product-gallery-3-600x799.jpg 600w, http:\/\/localhost\/jokko_shop\/wp-content\/uploads\/2023\/10\/product-gallery-3.jpg 1000w\" sizes=\"(max-width: 600px) 100vw, 600px\" \/><br \/>\n\t\t\t\t\t\t\t\t\t\t\t\t<a href=\"http:\/\/localhost\/jokko_shop\/index.php\/product\/iphone-13-pro-color-splash-case\/\" target=\"_blank\" rel=\"noopener\">iPhone 13 Pro color splash case<\/a><br \/>\n\t\t\t\t\t\t\t\t\tRated 5 out of 5<br \/>\n\t\t\t\t\t\t\t\tPerfect!!!! I ordered on Friday evening and on Monday at 12:30 the package was with me. I have never encountered\u2026<br \/>\n\t\t\t\tPark John<br \/>\n\t\t\t\t\t\t\t\t\t\t<img loading=\"lazy\" width=\"600\" height=\"799\" src=\"http:\/\/localhost\/jokko_shop\/wp-content\/uploads\/2023\/10\/product-gallery-2-600x799.jpg\" alt=\"\" decoding=\"async\" srcset=\"http:\/\/localhost\/jokko_shop\/wp-content\/uploads\/2023\/10\/product-gallery-2-600x799.jpg 600w, http:\/\/localhost\/jokko_shop\/wp-content\/uploads\/2023\/10\/product-gallery-2.jpg 1000w\" sizes=\"(max-width: 600px) 100vw, 600px\" \/><br \/>\n\t\t\t\t\t\t\t\t\t\t\t\t<a href=\"http:\/\/localhost\/jokko_shop\/index.php\/product\/yellow-luggage-phone-case\/\" target=\"_blank\" rel=\"noopener\">Yellow luggage phone case<\/a><br \/>\n\t\t\t\t\t\t\t\t\tRated 5 out of 5<br \/>\n\t\t\t\t\t\t\t\tOMG I LOVE IT!!! There was a small mistake in the order. In return, I got the correct order and\u2026<br \/>\n\t\t\t\tMarry Jane<br \/>\n\t\t\t\t\t\t\t\t\t\t<img loading=\"lazy\" width=\"600\" height=\"799\" src=\"http:\/\/localhost\/jokko_shop\/wp-content\/uploads\/2023\/10\/product-gallery-2-600x799.jpg\" alt=\"\" decoding=\"async\" srcset=\"http:\/\/localhost\/jokko_shop\/wp-content\/uploads\/2023\/10\/product-gallery-2-600x799.jpg 600w, http:\/\/localhost\/jokko_shop\/wp-content\/uploads\/2023\/10\/product-gallery-2.jpg 1000w\" sizes=\"(max-width: 600px) 100vw, 600px\" \/><br \/>\n\t\t\t\t\t\t\t\t\t\t\t\t<a href=\"http:\/\/localhost\/jokko_shop\/index.php\/product\/yellow-luggage-phone-case\/\" target=\"_blank\" rel=\"noopener\">Yellow luggage phone case<\/a><br \/>\n\t\t\t\t\t\t\t\t\tRated 5 out of 5<br \/>\n\t\t\t\t\t\t\t\tPerfect!!!! I ordered on Friday evening and on Monday at 12:30 the package was with me. I have never encountered\u2026<br \/>\n\t\t\t\tPark John<br \/>\n\t\t\t\t\t\t\t\t\t\t<img loading=\"lazy\" width=\"600\" height=\"799\" src=\"http:\/\/localhost\/jokko_shop\/wp-content\/uploads\/2023\/10\/product-gallery-3-600x799.jpg\" alt=\"\" decoding=\"async\" srcset=\"http:\/\/localhost\/jokko_shop\/wp-content\/uploads\/2023\/10\/product-gallery-3-600x799.jpg 600w, http:\/\/localhost\/jokko_shop\/wp-content\/uploads\/2023\/10\/product-gallery-3.jpg 1000w\" sizes=\"(max-width: 600px) 100vw, 600px\" \/><br \/>\n\t\t\t\t\t\t\t\t\t\t\t\t<a href=\"http:\/\/localhost\/jokko_shop\/index.php\/product\/black-red-pattern-case\/\" target=\"_blank\" rel=\"noopener\">Black &amp; red pattern case<\/a><br \/>\n\t\t\t\t\t\t\t\t\tRated 5 out of 5<br \/>\n\t\t\t\t\t\t\t\tPerfect!!!! I ordered on Friday evening and on Monday at 12:30 the package was with me. I have never encountered\u2026<br \/>\n\t\t\t\tPark John<br \/>\n\t\t\t\t\t\t\t\t\t\t\t\t\t\t\t<img loading=\"lazy\" decoding=\"async\" width=\"700\" height=\"220\" src=\"http:\/\/localhost\/jokko_shop\/wp-content\/uploads\/2023\/05\/case-1-social-1.png\" alt=\"\" \/>\t\t\t\t\t\t\t\t\t\t\t\t\t\t\t<\/p>\n<h2>Suivez nous<\/h2>\n<p>\t\t\tFind out what is happening with us<br \/>\n\t\t\t\t\t<a href=\"#\" target=\"_blank\" rel=\"noopener\"><br \/>\n\t\t\t\t\t\t\t\t\t\t\t\t\t\t\t\t\t\t\tinstagram<br \/>\n\t\t\t\t\t\t\t\t\t\t\t<\/a><br \/>\n\t\t\t\t\t<a href=\"#\" target=\"_blank\" rel=\"noopener\"><br \/>\n\t\t\t\t\t\t\t\t\t\t\t\t\t\t\t\t\t\t\tfacebook<br \/>\n\t\t\t\t\t\t\t\t\t\t\t<\/a><br \/>\n\t\t\t\t\t<a href=\"#\" target=\"_blank\" rel=\"noopener\"><br \/>\n\t\t\t\t\t\t\t\t\t\t\t\t\t\t\t\t\t\t\ttiktok<br \/>\n\t\t\t\t\t\t\t\t\t\t\t<\/a><br \/>\n\t\t\t\t\t\t\t\t\t\t\t\t\t\t\t<img loading=\"lazy\" decoding=\"async\" width=\"700\" height=\"220\" src=\"http:\/\/localhost\/jokko_shop\/wp-content\/uploads\/2023\/05\/case-1-social-2.png\" alt=\"\" \/><\/p>\n","protected":false},"excerpt":{"rendered":"<p>La petite histoire Depuis nos modestes d\u00e9buts, Jokko Shop s&#8217;est d\u00e9velopp\u00e9 avec une passion commune : fournir \u00e0 nos clients des produits exceptionnels \u00e0 des prix comp\u00e9titifs. Notre parcours a \u00e9t\u00e9 marqu\u00e9 par des d\u00e9fis stimulants, mais notre engagement envers la satisfaction client et la qualit\u00e9 a toujours \u00e9t\u00e9 notre boussole. Notre Engagement envers la [&hellip;]<\/p>\n","protected":false},"author":1,"featured_media":0,"parent":0,"menu_order":0,"comment_status":"closed","ping_status":"closed","template":"","meta":{"_monsterinsights_skip_tracking":false,"_monsterinsights_sitenote_active":false,"_monsterinsights_sitenote_note":"","_monsterinsights_sitenote_category":0,"footnotes":""},"class_list":["post-21414","page","type-page","status-publish","hentry"],"aioseo_notices":[],"_links":{"self":[{"href":"https:\/\/jokkoshop.com\/index.php\/wp-json\/wp\/v2\/pages\/21414","targetHints":{"allow":["GET"]}}],"collection":[{"href":"https:\/\/jokkoshop.com\/index.php\/wp-json\/wp\/v2\/pages"}],"about":[{"href":"https:\/\/jokkoshop.com\/index.php\/wp-json\/wp\/v2\/types\/page"}],"author":[{"embeddable":true,"href":"https:\/\/jokkoshop.com\/index.php\/wp-json\/wp\/v2\/users\/1"}],"replies":[{"embeddable":true,"href":"https:\/\/jokkoshop.com\/index.php\/wp-json\/wp\/v2\/comments?post=21414"}],"version-history":[{"count":10,"href":"https:\/\/jokkoshop.com\/index.php\/wp-json\/wp\/v2\/pages\/21414\/revisions"}],"predecessor-version":[{"id":24124,"href":"https:\/\/jokkoshop.com\/index.php\/wp-json\/wp\/v2\/pages\/21414\/revisions\/24124"}],"wp:attachment":[{"href":"https:\/\/jokkoshop.com\/index.php\/wp-json\/wp\/v2\/media?parent=21414"}],"curies":[{"name":"wp","href":"https:\/\/api.w.org\/{rel}","templated":true}]}}